{"id":134,"date":"2017-10-24T21:54:38","date_gmt":"2017-10-24T20:54:38","guid":{"rendered":"http:\/\/parafiakostow.pl\/?page_id=134"},"modified":"2023-09-05T16:58:06","modified_gmt":"2023-09-05T15:58:06","slug":"ksiadz","status":"publish","type":"page","link":"http:\/\/parafiakostow.pl\/?page_id=134","title":{"rendered":"KSI\u0104DZ"},"content":{"rendered":"\n<p>By\u0142 czas , kiedy B\u00f3g stawa\u0142 mi si\u0119 bli\u017cszy. To czas odkrywania Go i wchodzenia w g\u0142\u0119bsz\u0105 relacj\u0119 przez, s\u0142uchanie S\u0142owa Bo\u017cego, modlitw\u0119, pielgrzymki\u2026<\/p>\n\n\n\n<p class=\"has-text-align-left\">Pomy\u015bla\u0142em , On chce ode mnie czego\u015b wi\u0119cej! Tak rozpocz\u0119\u0142a si\u0119 nasza wsp\u00f3lna droga: Jezusa i moja, kt\u00f3ra niejednokrotnie przeradza si\u0119 w walk\u0119 o Boga nie tylko w moim sercu, ale i sercu napotkanego cz\u0142owieka.<\/p>\n","protected":false},"excerpt":{"rendered":"<p>By\u0142 czas , kiedy B\u00f3g stawa\u0142 mi si\u0119 bli\u017cszy. To czas odkrywania Go i wchodzenia w g\u0142\u0119bsz\u0105 relacj\u0119 przez, s\u0142uchanie S\u0142owa Bo\u017cego, modlitw\u0119, pielgrzymki\u2026 Pomy\u015bla\u0142em , On chce ode mnie czego\u015b wi\u0119cej! Tak rozpocz\u0119\u0142a si\u0119 nasza wsp\u00f3lna droga: Jezusa i &hellip; <a href=\"http:\/\/parafiakostow.pl\/?page_id=134\">Czytaj dalej <span class=\"meta-nav\">&rarr;<\/span><\/a><\/p>\n","protected":false},"author":1,"featured_media":0,"parent":75,"menu_order":0,"comment_status":"closed","ping_status":"closed","template":"","meta":{"_lmt_disableupdate":"no","_lmt_disable":"","footnotes":""},"class_list":["post-134","page","type-page","status-publish","hentry"],"_links":{"self":[{"href":"http:\/\/parafiakostow.pl\/index.php?rest_route=\/wp\/v2\/pages\/134","targetHints":{"allow":["GET"]}}],"collection":[{"href":"http:\/\/parafiakostow.pl\/index.php?rest_route=\/wp\/v2\/pages"}],"about":[{"href":"http:\/\/parafiakostow.pl\/index.php?rest_route=\/wp\/v2\/types\/page"}],"author":[{"embeddable":true,"href":"http:\/\/parafiakostow.pl\/index.php?rest_route=\/wp\/v2\/users\/1"}],"replies":[{"embeddable":true,"href":"http:\/\/parafiakostow.pl\/index.php?rest_route=%2Fwp%2Fv2%2Fcomments&post=134"}],"version-history":[{"count":5,"href":"http:\/\/parafiakostow.pl\/index.php?rest_route=\/wp\/v2\/pages\/134\/revisions"}],"predecessor-version":[{"id":2503,"href":"http:\/\/parafiakostow.pl\/index.php?rest_route=\/wp\/v2\/pages\/134\/revisions\/2503"}],"up":[{"embeddable":true,"href":"http:\/\/parafiakostow.pl\/index.php?rest_route=\/wp\/v2\/pages\/75"}],"wp:attachment":[{"href":"http:\/\/parafiakostow.pl\/index.php?rest_route=%2Fwp%2Fv2%2Fmedia&parent=134"}],"curies":[{"name":"wp","href":"https:\/\/api.w.org\/{rel}","templated":true}]}}