{"id":82,"date":"2017-10-24T21:26:44","date_gmt":"2017-10-24T21:26:44","guid":{"rendered":"http:\/\/parafiakostow.pl\/?page_id=82"},"modified":"2024-03-17T20:30:48","modified_gmt":"2024-03-17T19:30:48","slug":"spowiedz","status":"publish","type":"page","link":"http:\/\/parafiakostow.pl\/?page_id=82","title":{"rendered":"SPOWIED\u0179"},"content":{"rendered":"\n<p>To co\u015b wielkiego, kiedy cz\u0142owiek sam z siebie, przychodzi do Boga, \u017ceby o \u017cyciu opowiedzie\u0107. I to o tych trudniejszych momentach \u017cycia. Spowied\u017a to naprawd\u0119 co\u015b wielkiego. Cz\u0142owiek wtedy ca\u0142ym sob\u0105 pokazuje, \u017ce wierzy Jezusowi, \u017ce ufa i dlatego opowiada co si\u0119 wydarzy\u0142o i dlaczego.<\/p>\n\n\n\n<p>Spowied\u017a &#8211; zawsze przed Msz\u0105 \u015bw.<\/p>\n\n\n\n<p>Zapraszam<\/p>\n\n\n\n<div data-wp-interactive=\"core\/file\" class=\"wp-block-file\"><object data-wp-bind--hidden=\"!state.hasPdfPreview\" hidden class=\"wp-block-file__embed\" data=\"http:\/\/parafiakostow.pl\/wp-content\/uploads\/2024\/03\/Ignacjanski-Rachunek-Sumienia.pdf\" type=\"application\/pdf\" style=\"width:100%;height:600px\" aria-label=\"Osadzone z Ignacjanski Rachunek Sumienia.\"><\/object><a id=\"wp-block-file--media-78c9dc15-3285-481e-9fbe-69aaf45cb8a2\" href=\"http:\/\/parafiakostow.pl\/wp-content\/uploads\/2024\/03\/Ignacjanski-Rachunek-Sumienia.pdf\">Ignacjanski Rachunek Sumienia<\/a><a href=\"http:\/\/parafiakostow.pl\/wp-content\/uploads\/2024\/03\/Ignacjanski-Rachunek-Sumienia.pdf\" class=\"wp-block-file__button wp-element-button\" download aria-describedby=\"wp-block-file--media-78c9dc15-3285-481e-9fbe-69aaf45cb8a2\">Pobierz<\/a><\/div>\n","protected":false},"excerpt":{"rendered":"<p>To co\u015b wielkiego, kiedy cz\u0142owiek sam z siebie, przychodzi do Boga, \u017ceby o \u017cyciu opowiedzie\u0107. I to o tych trudniejszych momentach \u017cycia. Spowied\u017a to naprawd\u0119 co\u015b wielkiego. Cz\u0142owiek wtedy ca\u0142ym sob\u0105 pokazuje, \u017ce wierzy Jezusowi, \u017ce ufa i dlatego opowiada &hellip; <a href=\"http:\/\/parafiakostow.pl\/?page_id=82\">Czytaj dalej <span class=\"meta-nav\">&rarr;<\/span><\/a><\/p>\n","protected":false},"author":1,"featured_media":0,"parent":0,"menu_order":0,"comment_status":"closed","ping_status":"closed","template":"","meta":{"_lmt_disableupdate":"","_lmt_disable":"","footnotes":""},"class_list":["post-82","page","type-page","status-publish","hentry"],"_links":{"self":[{"href":"http:\/\/parafiakostow.pl\/index.php?rest_route=\/wp\/v2\/pages\/82","targetHints":{"allow":["GET"]}}],"collection":[{"href":"http:\/\/parafiakostow.pl\/index.php?rest_route=\/wp\/v2\/pages"}],"about":[{"href":"http:\/\/parafiakostow.pl\/index.php?rest_route=\/wp\/v2\/types\/page"}],"author":[{"embeddable":true,"href":"http:\/\/parafiakostow.pl\/index.php?rest_route=\/wp\/v2\/users\/1"}],"replies":[{"embeddable":true,"href":"http:\/\/parafiakostow.pl\/index.php?rest_route=%2Fwp%2Fv2%2Fcomments&post=82"}],"version-history":[{"count":6,"href":"http:\/\/parafiakostow.pl\/index.php?rest_route=\/wp\/v2\/pages\/82\/revisions"}],"predecessor-version":[{"id":2766,"href":"http:\/\/parafiakostow.pl\/index.php?rest_route=\/wp\/v2\/pages\/82\/revisions\/2766"}],"wp:attachment":[{"href":"http:\/\/parafiakostow.pl\/index.php?rest_route=%2Fwp%2Fv2%2Fmedia&parent=82"}],"curies":[{"name":"wp","href":"https:\/\/api.w.org\/{rel}","templated":true}]}}